{"id":4248,"date":"2020-03-04T19:37:30","date_gmt":"2020-03-04T19:37:30","guid":{"rendered":"https:\/\/www.metal-styl.com\/?post_type=product&#038;p=4248"},"modified":"2022-06-16T12:14:21","modified_gmt":"2022-06-16T12:14:21","slug":"tablica-narzedziowa-tph-457090","status":"publish","type":"product","link":"https:\/\/www.metal-styl.com\/index.php\/produkt\/tablica-narzedziowa-tph-457090\/","title":{"rendered":"Tablica narz\u0119dziowa TPH-457090 20x450x540 mm"},"content":{"rendered":"","protected":false},"excerpt":{"rendered":"<p>Tablica narz\u0119dziowa, idealna na ka\u017cd\u0105 \u015bcian\u0119<\/p>\n<div class=\"innerbox\">\n<div class=\"resetcss\">\n<p>Masz sporo narz\u0119dzi, kt\u00f3re chcesz powiesi\u0107 na \u015bcian\u0119? Skorzystaj z gotowego sposobu na unikni\u0119cie wiercenia kilkudziesi\u0119ciu otwor\u00f3w.<\/p>\n<p>Wystarczy zamontowa\u0107 tablic\u0119 narz\u0119dziow\u0105, a na niej, ju\u017c bez problemu i ogranicze\u0144 dodawa\u0107 elementy wyposa\u017cenia warsztatowego, kt\u00f3re pomieszcz\u0105 ma\u0142e narz\u0119dzia, albo pozwol\u0105 zawiesi\u0107 te ci\u0119\u017csze.<\/p>\n<p>Niniejsza tablica narz\u0119dziowa dedykowana jest do pojemnik\u00f3w w systemie ProfiPlus.<\/p>\n<p>Mo\u017cna zawiesi\u0107 na niej r\u00f3wnie\u017c haczyki i uchwyty z tworzywa.<\/p>\n<p>Wymiary tablicy na narz\u0119dzia na \u015bcian\u0119: 20x450x540 mm.<\/p>\n<\/div>\n<\/div>\n","protected":false},"featured_media":4249,"comment_status":"open","ping_status":"closed","template":"","meta":[],"product_cat":[1401,1810],"product_tag":[2627,330,2628],"yst_prominent_words":[],"class_list":{"0":"post-4248","1":"product","2":"type-product","3":"status-publish","4":"has-post-thumbnail","6":"product_cat-wyposazenie-warsztatu","7":"product_cat-zestawy-pojemnikow-listwy-tablice-uchwyty","8":"product_tag-tablica-na-narzedzia","9":"product_tag-tablica-narzedziowa","10":"product_tag-tablica-tph-457090","11":"entry","13":"first","14":"instock","15":"shipping-taxable","16":"product-type-simple"},"_links":{"self":[{"href":"https:\/\/www.metal-styl.com\/index.php\/wp-json\/wp\/v2\/product\/4248","targetHints":{"allow":["GET"]}}],"collection":[{"href":"https:\/\/www.metal-styl.com\/index.php\/wp-json\/wp\/v2\/product"}],"about":[{"href":"https:\/\/www.metal-styl.com\/index.php\/wp-json\/wp\/v2\/types\/product"}],"replies":[{"embeddable":true,"href":"https:\/\/www.metal-styl.com\/index.php\/wp-json\/wp\/v2\/comments?post=4248"}],"version-history":[{"count":4,"href":"https:\/\/www.metal-styl.com\/index.php\/wp-json\/wp\/v2\/product\/4248\/revisions"}],"predecessor-version":[{"id":4545,"href":"https:\/\/www.metal-styl.com\/index.php\/wp-json\/wp\/v2\/product\/4248\/revisions\/4545"}],"wp:featuredmedia":[{"embeddable":true,"href":"https:\/\/www.metal-styl.com\/index.php\/wp-json\/wp\/v2\/media\/4249"}],"wp:attachment":[{"href":"https:\/\/www.metal-styl.com\/index.php\/wp-json\/wp\/v2\/media?parent=4248"}],"wp:term":[{"taxonomy":"product_cat","embeddable":true,"href":"https:\/\/www.metal-styl.com\/index.php\/wp-json\/wp\/v2\/product_cat?post=4248"},{"taxonomy":"product_tag","embeddable":true,"href":"https:\/\/www.metal-styl.com\/index.php\/wp-json\/wp\/v2\/product_tag?post=4248"},{"taxonomy":"yst_prominent_words","embeddable":true,"href":"https:\/\/www.metal-styl.com\/index.php\/wp-json\/wp\/v2\/yst_prominent_words?post=4248"}],"curies":[{"name":"wp","href":"https:\/\/api.w.org\/{rel}","templated":true}]}}