{"id":4386,"date":"2022-06-09T09:42:12","date_gmt":"2022-06-09T09:42:12","guid":{"rendered":"https:\/\/www.metal-styl.com\/?post_type=product&#038;p=4386"},"modified":"2022-06-09T09:49:27","modified_gmt":"2022-06-09T09:49:27","slug":"stolik-okolicznosciowy-sto","status":"publish","type":"product","link":"https:\/\/www.metal-styl.com\/index.php\/produkt\/stolik-okolicznosciowy-sto\/","title":{"rendered":"Stolik okoliczno\u015bciowy STO"},"content":{"rendered":"","protected":false},"excerpt":{"rendered":"<table style=\"height: 35px;\" width=\"799\">\n<tbody>\n<tr>\n<td width=\"396\"><\/td>\n<\/tr>\n<\/tbody>\n<\/table>\n<p><strong>Stolik okoliczno\u015bciowy STO z p\u00f3\u0142eczk\u0105<br \/>\n<\/strong><\/p>\n<p><strong>Wymiary: szer\/g\u0142\/wys 800x550x550mm<\/strong><\/p>\n<p>&#8211; prostok\u0105tny blat; 800 mm x 550 mm o grubo\u015bci 38mm,<br \/>\n&#8211; cz\u0119\u015b\u0107 dolna blatu o grubo\u015bci 10mm lekko cofni\u0119ta w kolorze platyny podstawa stolika w postaci dw\u00f3ch prostok\u0105tnych n\u00f3g po\u0142\u0105czonych p\u00f3\u0142k\u0105,<br \/>\n&#8211; top blatu o grubo\u015bci 28mm, pozosta\u0142e elementy podstawy o grubo\u015bci 18mm,<br \/>\n&#8211; w\u0105skie kraw\u0119dzie mebli wyko\u0144czone s\u0105 wytrzyma\u0142ym obrze\u017cem meblowym pcv o grubo\u015bci 2mm, a mniej widoczne obrze\u017cem meblowym o grubo\u015bci 1mm,<\/p>\n<p>Kolorystyka \u2013 d\u0105b Ricardo.<\/p>\n","protected":false},"featured_media":4389,"comment_status":"open","ping_status":"closed","template":"","meta":[],"product_cat":[2646,22,2650],"product_tag":[2651,2652,2654,1007,2653],"yst_prominent_words":[],"class_list":{"0":"post-4386","1":"product","2":"type-product","3":"status-publish","4":"has-post-thumbnail","6":"product_cat-agat-meble-biurowe-metal-styl","7":"product_cat-meble-biurowe-zestawy","8":"product_cat-stoly-agat-meble-biurowe-metal-styl","9":"product_tag-stolik","10":"product_tag-stolik-do-biura","11":"product_tag-stolik-kawowy","12":"product_tag-stolik-okolicznosciowy","13":"product_tag-stolik-z-polka","14":"entry","16":"first","17":"instock","18":"shipping-taxable","19":"product-type-simple"},"_links":{"self":[{"href":"https:\/\/www.metal-styl.com\/index.php\/wp-json\/wp\/v2\/product\/4386","targetHints":{"allow":["GET"]}}],"collection":[{"href":"https:\/\/www.metal-styl.com\/index.php\/wp-json\/wp\/v2\/product"}],"about":[{"href":"https:\/\/www.metal-styl.com\/index.php\/wp-json\/wp\/v2\/types\/product"}],"replies":[{"embeddable":true,"href":"https:\/\/www.metal-styl.com\/index.php\/wp-json\/wp\/v2\/comments?post=4386"}],"version-history":[{"count":1,"href":"https:\/\/www.metal-styl.com\/index.php\/wp-json\/wp\/v2\/product\/4386\/revisions"}],"predecessor-version":[{"id":4390,"href":"https:\/\/www.metal-styl.com\/index.php\/wp-json\/wp\/v2\/product\/4386\/revisions\/4390"}],"wp:featuredmedia":[{"embeddable":true,"href":"https:\/\/www.metal-styl.com\/index.php\/wp-json\/wp\/v2\/media\/4389"}],"wp:attachment":[{"href":"https:\/\/www.metal-styl.com\/index.php\/wp-json\/wp\/v2\/media?parent=4386"}],"wp:term":[{"taxonomy":"product_cat","embeddable":true,"href":"https:\/\/www.metal-styl.com\/index.php\/wp-json\/wp\/v2\/product_cat?post=4386"},{"taxonomy":"product_tag","embeddable":true,"href":"https:\/\/www.metal-styl.com\/index.php\/wp-json\/wp\/v2\/product_tag?post=4386"},{"taxonomy":"yst_prominent_words","embeddable":true,"href":"https:\/\/www.metal-styl.com\/index.php\/wp-json\/wp\/v2\/yst_prominent_words?post=4386"}],"curies":[{"name":"wp","href":"https:\/\/api.w.org\/{rel}","templated":true}]}}