{"id":4407,"date":"2022-06-09T10:57:05","date_gmt":"2022-06-09T10:57:05","guid":{"rendered":"https:\/\/www.metal-styl.com\/?post_type=product&#038;p=4407"},"modified":"2022-06-09T11:16:35","modified_gmt":"2022-06-09T11:16:35","slug":"stolik-kwadratowy-st80-2","status":"publish","type":"product","link":"https:\/\/www.metal-styl.com\/index.php\/produkt\/stolik-kwadratowy-st80-2\/","title":{"rendered":"Stolik kwadratowy ST80"},"content":{"rendered":"","protected":false},"excerpt":{"rendered":"<table style=\"height: 35px;\" width=\"799\">\n<tbody>\n<tr>\n<td width=\"396\"><\/td>\n<\/tr>\n<\/tbody>\n<\/table>\n<p><strong>Stolik kwadratowy ST80<br \/>\n<\/strong><\/p>\n<p><strong>Wymiary: szer\/g\u0142\/wys 800x800x750mm<\/strong><\/p>\n<p>&#8211; kwadratowy blat; 800 mm x 800 mm o grubo\u015bci 38mm,<br \/>\n&#8211; cz\u0119\u015b\u0107 dolna blatu o grubo\u015bci 10mm lekko cofni\u0119ta w kolorze platyny podstawa sto\u0142u w kszta\u0142cie skrzynki z wychodz\u0105cymi po przek\u0105tnych podporami,<br \/>\n&#8211; top blatu o grubo\u015bci 28mm, pozosta\u0142e elementy podstawy o grubo\u015bci 18mm,<br \/>\n&#8211; w\u0105skie kraw\u0119dzie mebli wyko\u0144czone s\u0105 wytrzyma\u0142ym obrze\u017cem meblowym pcv o grubo\u015bci 2mm.<br \/>\nKolorystyka \u2013 d\u0105b Ricardo.<\/p>\n","protected":false},"featured_media":4398,"comment_status":"open","ping_status":"closed","template":"","meta":[],"product_cat":[2646,22,2650],"product_tag":[2651,2652,2654,996,1007,995],"yst_prominent_words":[],"class_list":{"0":"post-4407","1":"product","2":"type-product","3":"status-publish","4":"has-post-thumbnail","6":"product_cat-agat-meble-biurowe-metal-styl","7":"product_cat-meble-biurowe-zestawy","8":"product_cat-stoly-agat-meble-biurowe-metal-styl","9":"product_tag-stolik","10":"product_tag-stolik-do-biura","11":"product_tag-stolik-kawowy","12":"product_tag-stolik-kwadratowy","13":"product_tag-stolik-okolicznosciowy","14":"product_tag-stolik-st80","15":"entry","17":"first","18":"instock","19":"shipping-taxable","20":"product-type-simple"},"_links":{"self":[{"href":"https:\/\/www.metal-styl.com\/index.php\/wp-json\/wp\/v2\/product\/4407","targetHints":{"allow":["GET"]}}],"collection":[{"href":"https:\/\/www.metal-styl.com\/index.php\/wp-json\/wp\/v2\/product"}],"about":[{"href":"https:\/\/www.metal-styl.com\/index.php\/wp-json\/wp\/v2\/types\/product"}],"replies":[{"embeddable":true,"href":"https:\/\/www.metal-styl.com\/index.php\/wp-json\/wp\/v2\/comments?post=4407"}],"version-history":[{"count":1,"href":"https:\/\/www.metal-styl.com\/index.php\/wp-json\/wp\/v2\/product\/4407\/revisions"}],"predecessor-version":[{"id":4408,"href":"https:\/\/www.metal-styl.com\/index.php\/wp-json\/wp\/v2\/product\/4407\/revisions\/4408"}],"wp:featuredmedia":[{"embeddable":true,"href":"https:\/\/www.metal-styl.com\/index.php\/wp-json\/wp\/v2\/media\/4398"}],"wp:attachment":[{"href":"https:\/\/www.metal-styl.com\/index.php\/wp-json\/wp\/v2\/media?parent=4407"}],"wp:term":[{"taxonomy":"product_cat","embeddable":true,"href":"https:\/\/www.metal-styl.com\/index.php\/wp-json\/wp\/v2\/product_cat?post=4407"},{"taxonomy":"product_tag","embeddable":true,"href":"https:\/\/www.metal-styl.com\/index.php\/wp-json\/wp\/v2\/product_tag?post=4407"},{"taxonomy":"yst_prominent_words","embeddable":true,"href":"https:\/\/www.metal-styl.com\/index.php\/wp-json\/wp\/v2\/yst_prominent_words?post=4407"}],"curies":[{"name":"wp","href":"https:\/\/api.w.org\/{rel}","templated":true}]}}