{"id":4409,"date":"2022-06-09T11:37:07","date_gmt":"2022-06-09T11:37:07","guid":{"rendered":"https:\/\/www.metal-styl.com\/?post_type=product&#038;p=4409"},"modified":"2022-06-09T11:44:49","modified_gmt":"2022-06-09T11:44:49","slug":"regal-niski-otwarty-s2a","status":"publish","type":"product","link":"https:\/\/www.metal-styl.com\/index.php\/produkt\/regal-niski-otwarty-s2a\/","title":{"rendered":"Rega\u0142 niski otwarty S2A"},"content":{"rendered":"","protected":false},"excerpt":{"rendered":"<table style=\"height: 35px;\" width=\"799\">\n<tbody>\n<tr>\n<td width=\"396\"><\/td>\n<\/tr>\n<\/tbody>\n<\/table>\n<p><strong>Rega\u0142 niski otwarty S2A<br \/>\n<\/strong><\/p>\n<p><strong>Wymiary: szer\/g\u0142\/wys 800x400x830mm<\/strong><\/p>\n<p>&#8211; konstrukcja; dwa rz\u0119dy p\u00f3\u0142ek mieszcz\u0105 standardowe segregatory biurowe,<br \/>\n&#8211; top g\u00f3rny rega\u0142u gr. 38mm (g\u00f3rna cz\u0119\u015b\u0107 topu 28mm, dolny w\u0105ski pasek w kolorze platyny),<br \/>\n&#8211; korpus szafki o gr.18mm,<br \/>\n&#8211; ty\u0142 wykonany z p\u0142yty HDF jednostronnie lakierowanej 3 \u2013 4 mm, \u0142\u0105czony listw\u0105 H,<br \/>\n&#8211; w\u0105skie kraw\u0119dzie szafki wyko\u0144czone s\u0105 wytrzyma\u0142ym obrze\u017cem meblowym pcv o grubo\u015bci 2mm a mniej istotne obrze\u017cem o grubo\u015bci 1mm,<br \/>\n&#8211; p\u00f3\u0142ka wewn\u0105trz zamocowana na sta\u0142e,<br \/>\n&#8211; rega\u0142 ma cok\u00f3\u0142 i regulatory poziomu.<\/p>\n<p>Kolorystyka \u2013 d\u0105b Ricardo.<\/p>\n","protected":false},"featured_media":4410,"comment_status":"open","ping_status":"closed","template":"","meta":[],"product_cat":[2646,22,2649],"product_tag":[887,2658,2656,856,891,1119,2657],"yst_prominent_words":[],"class_list":{"0":"post-4409","1":"product","2":"type-product","3":"status-publish","4":"has-post-thumbnail","6":"product_cat-agat-meble-biurowe-metal-styl","7":"product_cat-meble-biurowe-zestawy","8":"product_cat-szafy-regaly","9":"product_tag-regal-biurowy","10":"product_tag-regal-na-segregatory","11":"product_tag-regal-niski-biurowy","12":"product_tag-regal-otwarty","13":"product_tag-regal-otwarty-biurowy","14":"product_tag-regal-otwarty-niski","15":"product_tag-regal-s2a","16":"entry","18":"first","19":"instock","20":"shipping-taxable","21":"product-type-simple"},"_links":{"self":[{"href":"https:\/\/www.metal-styl.com\/index.php\/wp-json\/wp\/v2\/product\/4409","targetHints":{"allow":["GET"]}}],"collection":[{"href":"https:\/\/www.metal-styl.com\/index.php\/wp-json\/wp\/v2\/product"}],"about":[{"href":"https:\/\/www.metal-styl.com\/index.php\/wp-json\/wp\/v2\/types\/product"}],"replies":[{"embeddable":true,"href":"https:\/\/www.metal-styl.com\/index.php\/wp-json\/wp\/v2\/comments?post=4409"}],"version-history":[{"count":1,"href":"https:\/\/www.metal-styl.com\/index.php\/wp-json\/wp\/v2\/product\/4409\/revisions"}],"predecessor-version":[{"id":4413,"href":"https:\/\/www.metal-styl.com\/index.php\/wp-json\/wp\/v2\/product\/4409\/revisions\/4413"}],"wp:featuredmedia":[{"embeddable":true,"href":"https:\/\/www.metal-styl.com\/index.php\/wp-json\/wp\/v2\/media\/4410"}],"wp:attachment":[{"href":"https:\/\/www.metal-styl.com\/index.php\/wp-json\/wp\/v2\/media?parent=4409"}],"wp:term":[{"taxonomy":"product_cat","embeddable":true,"href":"https:\/\/www.metal-styl.com\/index.php\/wp-json\/wp\/v2\/product_cat?post=4409"},{"taxonomy":"product_tag","embeddable":true,"href":"https:\/\/www.metal-styl.com\/index.php\/wp-json\/wp\/v2\/product_tag?post=4409"},{"taxonomy":"yst_prominent_words","embeddable":true,"href":"https:\/\/www.metal-styl.com\/index.php\/wp-json\/wp\/v2\/yst_prominent_words?post=4409"}],"curies":[{"name":"wp","href":"https:\/\/api.w.org\/{rel}","templated":true}]}}