{"id":441,"date":"2019-12-02T10:16:48","date_gmt":"2019-12-02T10:16:48","guid":{"rendered":"http:\/\/metalsty.cluster014.ovh.net\/pixel\/?post_type=product&#038;p=441"},"modified":"2020-01-03T11:39:47","modified_gmt":"2020-01-03T11:39:47","slug":"szafka-10-cio-szufladowa-na-mapy-i-rysunki-formatu-a1-sk-a1-10s","status":"publish","type":"product","link":"https:\/\/www.metal-styl.com\/index.php\/produkt\/szafka-10-cio-szufladowa-na-mapy-i-rysunki-formatu-a1-sk-a1-10s\/","title":{"rendered":"Szafka 10-cio szufladowa na mapy i rysunki Formatu A1  SK-A1-10S"},"content":{"rendered":"<div id=\"center_column\">\n<div id=\"more_info_block\" class=\"clear\">\n<div id=\"more_info_sheets\" class=\"sheets align_justify\">\n<div id=\"idTab1\" class=\"rte\">\n<p><span style=\"color: #800000;\"><strong>Szafka 10-cio szufladowa na mapy i rysunki\u00a0Formatu A1\u00a0 SK-A1-10S<\/strong><\/span><\/p>\n<p><span style=\"color: #000000;\"><strong>Wymiary: wys\/szer\/g\u0142\u00a0970x980x715mm<\/strong><\/span><\/p>\n<p>Symbol: SK-A1-10S<\/p>\n<p>Opis:\u00a0Szafa 10-cio szufladowa na mapy i rysunki Fomatu A1.<\/p>\n<p>Szafa wyposa\u017cona w 10 szuflad wysuwanych na prowadnicach \u0142o\u017cyskowych.<\/p>\n<p>Szafka zamykana zamkiem z systemem centralnym zapobiegaj\u0105cym wysuwie jednocze\u015bnie kilku szuflad, zachowuj\u0105c jej stabilno\u015b\u0107 co zapewnia bezpiecze\u0144stwo w miejscu pracy.<\/p>\n<p>W komplecie 2 kluczyki.<\/p>\n<p>Na ka\u017cdej szufladzie wizytownik, kt\u00f3ry u\u0142atwia opisanie zawarto\u015bci.<\/p>\n<p>Wykonanie : korpus wykonany z blachy o grubo\u015bci 0,8mm, szuflady wykonane z blachy o grubo\u015bci 1,5mm.<\/p>\n<p>Waga: 115kg.<\/p>\n<p>Szafa malowana trwa\u0142ymi farbami proszkowymi w kolorze wg. Palety Ral<\/p>\n<p>Oferta cenowa dotyczy koloru: Ral 7035 popielato-platynowy<\/p>\n<p>Istnieje mo\u017cliwo\u015b\u0107 malowania szaf w innym kolorze.<\/p>\n<p>Mo\u017cliwo\u015b\u0107 wykonania szaf w innych rozmiarach, kolorach, \u00a0formatach z inn\u0105 liczb\u0105 szuflad oraz wg indywidualnych potrzeb klienta. W celu wyceny prosimy o przes\u0142anie do nas maila na adres biuro@metal-styl.com z zapytaniem ofertowym oraz przedstawieniem Pa\u0144stwa potrzeb i oczekiwa\u0144 wobec produktu.<\/p>\n<\/div>\n<\/div>\n<\/div>\n<\/div>\n<div id=\"footer\"><\/div>\n","protected":false},"excerpt":{"rendered":"<p><span style=\"color: #800000;\"><strong>Szafka 10-cio szufladowa na mapy i rysunki\u00a0Formatu A1\u00a0 SK-A1-10S<\/strong><\/span><\/p>\n<p><strong>Wymiary: wys\/szer\/g\u0142\u00a0970x980x715mm<\/strong><\/p>\n","protected":false},"featured_media":734,"comment_status":"open","ping_status":"closed","template":"","meta":[],"product_cat":[26,30],"product_tag":[278,275,276,277,273,274],"yst_prominent_words":[],"class_list":{"0":"post-441","1":"product","2":"type-product","3":"status-publish","4":"has-post-thumbnail","6":"product_cat-meble-biurowe-metalowe","7":"product_cat-szafy-na-mapy","8":"product_tag-sk-a1-10s","9":"product_tag-szafa-10-szyfladowa","10":"product_tag-szafa-dziesiecioszufladowa","11":"product_tag-szafa-format-a1","12":"product_tag-szafa-na-mapy","13":"product_tag-szafa-na-rysunki","14":"entry","16":"first","17":"instock","18":"shipping-taxable","19":"product-type-simple"},"_links":{"self":[{"href":"https:\/\/www.metal-styl.com\/index.php\/wp-json\/wp\/v2\/product\/441","targetHints":{"allow":["GET"]}}],"collection":[{"href":"https:\/\/www.metal-styl.com\/index.php\/wp-json\/wp\/v2\/product"}],"about":[{"href":"https:\/\/www.metal-styl.com\/index.php\/wp-json\/wp\/v2\/types\/product"}],"replies":[{"embeddable":true,"href":"https:\/\/www.metal-styl.com\/index.php\/wp-json\/wp\/v2\/comments?post=441"}],"version-history":[{"count":1,"href":"https:\/\/www.metal-styl.com\/index.php\/wp-json\/wp\/v2\/product\/441\/revisions"}],"predecessor-version":[{"id":735,"href":"https:\/\/www.metal-styl.com\/index.php\/wp-json\/wp\/v2\/product\/441\/revisions\/735"}],"wp:featuredmedia":[{"embeddable":true,"href":"https:\/\/www.metal-styl.com\/index.php\/wp-json\/wp\/v2\/media\/734"}],"wp:attachment":[{"href":"https:\/\/www.metal-styl.com\/index.php\/wp-json\/wp\/v2\/media?parent=441"}],"wp:term":[{"taxonomy":"product_cat","embeddable":true,"href":"https:\/\/www.metal-styl.com\/index.php\/wp-json\/wp\/v2\/product_cat?post=441"},{"taxonomy":"product_tag","embeddable":true,"href":"https:\/\/www.metal-styl.com\/index.php\/wp-json\/wp\/v2\/product_tag?post=441"},{"taxonomy":"yst_prominent_words","embeddable":true,"href":"https:\/\/www.metal-styl.com\/index.php\/wp-json\/wp\/v2\/yst_prominent_words?post=441"}],"curies":[{"name":"wp","href":"https:\/\/api.w.org\/{rel}","templated":true}]}}