{"id":4479,"date":"2022-06-13T10:01:47","date_gmt":"2022-06-13T10:01:47","guid":{"rendered":"https:\/\/www.metal-styl.com\/?post_type=product&#038;p=4479"},"modified":"2022-06-13T10:06:02","modified_gmt":"2022-06-13T10:06:02","slug":"kaseta-klawiatury-polka-na-klawiature-k-kl-3","status":"publish","type":"product","link":"https:\/\/www.metal-styl.com\/index.php\/produkt\/kaseta-klawiatury-polka-na-klawiature-k-kl-3\/","title":{"rendered":"Kaseta klawiatury &#8211; p\u00f3\u0142ka na klawiatur\u0119 K-KL"},"content":{"rendered":"","protected":false},"excerpt":{"rendered":"<p><strong>Wymiary: szer\/g\u0142\/wys 570x410x80mm<\/strong><\/p>\n<p>&#8211; kaseta na klawiatur\u0119 do zamocowania pod blatem biurka<br \/>\n&#8211; wykonana z p\u0142yty meblowej gr.18mm, obrze\u017ce gr. 2mm i 0,8mm<br \/>\n&#8211; prowadnice rolkowe<br \/>\n&#8211; monta\u017c na metalowych k\u0105townikach<\/p>\n<div id=\"idTab1\" class=\"rte\">\n<div id=\"idTab1\" class=\"rte\">\n<p>Do biurka mo\u017cna dom\u00f3wi\u0107 mobilny w\u00f3zek na komputer stacjonarny.<\/p>\n<p>Dzi\u0119ki k\u00f3\u0142eczkom w ka\u017cdej chwili mo\u017cesz wygodnie przestawia\u0107 stacj\u0119.<\/p>\n<p>&#8211; Wszystkie elementy wyprodukowane na bazie wysokiej jako\u015bci melaminowanych p\u0142yt wi\u00f3rowych.<\/p>\n<p>&#8211; W\u0105skie p\u0142aszczyzny element\u00f3w meblowych starannie wyko\u0144czone obrze\u017cem PCV.<\/p>\n<p>Termin realizacji: 2-10 dni roboczych w zale\u017cno\u015bci od dost\u0119pno\u015bci produktu oraz kolorystyki. W celu ustalenia terminu realizacji zam\u00f3wienia ka\u017cdorazowo prosimy o kontakt z biurem.<\/p>\n<\/div>\n<\/div>\n<p><strong>\u00a0<\/strong><\/p>\n","protected":false},"featured_media":4480,"comment_status":"open","ping_status":"closed","template":"","meta":[],"product_cat":[2646,2648,1277,22,1282,24,1274],"product_tag":[1252,1251,1253,1254],"yst_prominent_words":[],"class_list":{"0":"post-4479","1":"product","2":"type-product","3":"status-publish","4":"has-post-thumbnail","6":"product_cat-agat-meble-biurowe-metal-styl","7":"product_cat-biurka-agat-meble-biurowe-metal-styl","8":"product_cat-dostawki-grusza-polna","9":"product_cat-meble-biurowe-zestawy","10":"product_cat-pozostale-grusza-polna","11":"product_cat-silver","12":"product_cat-grusza-polna","13":"product_tag-k-kl","14":"product_tag-kaseta-klawiatury","15":"product_tag-polka-k-kl","16":"product_tag-polka-na-klawiature","17":"entry","19":"first","20":"instock","21":"shipping-taxable","22":"product-type-simple"},"_links":{"self":[{"href":"https:\/\/www.metal-styl.com\/index.php\/wp-json\/wp\/v2\/product\/4479","targetHints":{"allow":["GET"]}}],"collection":[{"href":"https:\/\/www.metal-styl.com\/index.php\/wp-json\/wp\/v2\/product"}],"about":[{"href":"https:\/\/www.metal-styl.com\/index.php\/wp-json\/wp\/v2\/types\/product"}],"replies":[{"embeddable":true,"href":"https:\/\/www.metal-styl.com\/index.php\/wp-json\/wp\/v2\/comments?post=4479"}],"version-history":[{"count":4,"href":"https:\/\/www.metal-styl.com\/index.php\/wp-json\/wp\/v2\/product\/4479\/revisions"}],"predecessor-version":[{"id":4484,"href":"https:\/\/www.metal-styl.com\/index.php\/wp-json\/wp\/v2\/product\/4479\/revisions\/4484"}],"wp:featuredmedia":[{"embeddable":true,"href":"https:\/\/www.metal-styl.com\/index.php\/wp-json\/wp\/v2\/media\/4480"}],"wp:attachment":[{"href":"https:\/\/www.metal-styl.com\/index.php\/wp-json\/wp\/v2\/media?parent=4479"}],"wp:term":[{"taxonomy":"product_cat","embeddable":true,"href":"https:\/\/www.metal-styl.com\/index.php\/wp-json\/wp\/v2\/product_cat?post=4479"},{"taxonomy":"product_tag","embeddable":true,"href":"https:\/\/www.metal-styl.com\/index.php\/wp-json\/wp\/v2\/product_tag?post=4479"},{"taxonomy":"yst_prominent_words","embeddable":true,"href":"https:\/\/www.metal-styl.com\/index.php\/wp-json\/wp\/v2\/yst_prominent_words?post=4479"}],"curies":[{"name":"wp","href":"https:\/\/api.w.org\/{rel}","templated":true}]}}