{"id":489,"date":"2019-12-03T12:36:57","date_gmt":"2019-12-03T12:36:57","guid":{"rendered":"http:\/\/metalsty.cluster014.ovh.net\/pixel\/?post_type=product&#038;p=489"},"modified":"2020-02-11T10:15:14","modified_gmt":"2020-02-11T10:15:14","slug":"stol-warsztatowy-z-kontenerkiem-szufladowym-o-szer-2000mm-sw-1s200","status":"publish","type":"product","link":"https:\/\/www.metal-styl.com\/index.php\/produkt\/stol-warsztatowy-z-kontenerkiem-szufladowym-o-szer-2000mm-sw-1s200\/","title":{"rendered":"St\u00f3\u0142 warsztatowy z kontenerkiem szufladowym o szer.2000mm SW-1S200"},"content":{"rendered":"<div id=\"idTab1\" class=\"rte\">\n<p><span style=\"color: #800000;\"><strong>St\u00f3\u0142 Warsztatowy z kontenerkiem szufladowym o szer. 2000mm SW-1S200<\/strong><\/span><\/p>\n<p><span style=\"color: #000000;\"><strong>Wymiary: wys\/szer\/g\u0142 850x2000x700mm<\/strong><\/span><\/p>\n<p>Symbol: SW-1S200<\/p>\n<p>Opis:\u00a0St\u00f3\u0142 warsztatowy<\/p>\n<p>Blat sto\u0142u wykonany z p\u0142yty wi\u00f3rowej o grubo\u015bci 32mm, klejonej na gor\u0105co, kt\u00f3r\u0105 pokrywa sklejka bukowa o grubo\u015bci 4mm. Brzegi blatu zabezpieczone s\u0105 k\u0105townikiem.<\/p>\n<p>Szafka szufladowa wyposa\u017cona jest w cztery szuflady jednakowej wielko\u015bci. Szuflady zamykane s\u0105 zamkiem centralnym ( w komplecie 2 kluczyki )<\/p>\n<p>St\u00f3\u0142 malowany trwa\u0142ymi farbami proszkowymi w kolorze wg. Palety Ral<\/p>\n<p>Oferta cenowa dotyczy koloru: Ral 7035 popielato-platynowy<\/p>\n<p>Istnieje mo\u017cliwo\u015b\u0107 malowania sto\u0142u w innym kolorze lub w dw\u00f3ch kolorach.<\/p>\n<p>Do sto\u0142u mo\u017cna skompletowa\u0107 tablic\u0119 narz\u0119dziow\u0105 oraz odpowiednie zawiesia na klucze.<\/p>\n<p>Za dodatkow\u0105 op\u0142at\u0105 istnieje mo\u017cliwo\u015b\u0107 wy\u0142o\u017cenia blatu gum\u0105 olejoodporn\u0105 4 mm lub blach\u0105 ocynkowan\u0105, blat sto\u0142u mo\u017ce by\u0107 ze sklejki bukowej 36 mm.<\/p>\n<p>St\u00f3\u0142 mo\u017ce by\u0107 wyposa\u017cony w szafki uchylne lub szufladowe, kt\u00f3re s\u0105 przykr\u0119cane do stela\u017ca.<br \/>\nZa dodatkow\u0105 op\u0142at\u0105 st\u00f3\u0142 mo\u017ce by\u0107 wyposa\u017cony w modu\u0142 o\u015bwietleniowy, oraz mo\u017ce posiada\u0107 wzmocnienie pod imad\u0142o.<\/p>\n<p>Mo\u017cliwo\u015b\u0107 wykonania sto\u0142u w innych rozmiarach w innych kolorach z inn\u0105 liczba szafek i szuflad oraz wg indywidualnych potrzeb klienta. W celu wyceny prosimy o przes\u0142anie do nas maila na adres biuro@metal-styl.com z zapytaniem ofertowym oraz przedstawieniem Pa\u0144stwa potrzeb i oczekiwa\u0144 wobec produktu.<\/p>\n<\/div>\n","protected":false},"excerpt":{"rendered":"<p><strong>Wymiary: wys\/szer\/g\u0142 850x2000x700mm<\/strong><\/p>\n","protected":false},"featured_media":1135,"comment_status":"open","ping_status":"closed","template":"","meta":[],"product_cat":[39,41],"product_tag":[286,285,317,318,319,283,320],"yst_prominent_words":[581,568,587,573,598,570,585,449,444,493,409,450,394,572,567,571,577,390,574,393],"class_list":{"0":"post-489","1":"product","2":"type-product","3":"status-publish","4":"has-post-thumbnail","6":"product_cat-meble-warsztatowe","7":"product_cat-stoly-warsztatowe","8":"product_tag-stol-do-warsztatu","9":"product_tag-stol-narzedziowy","10":"product_tag-stol-sw-1s200","11":"product_tag-stol-sw-2000-1s","12":"product_tag-stol-warszattowy-z-szafka-narzedziowa","13":"product_tag-stol-warsztatowy","14":"product_tag-stol-z-kontenerkiem","15":"entry","17":"first","18":"instock","19":"shipping-taxable","20":"product-type-simple"},"_links":{"self":[{"href":"https:\/\/www.metal-styl.com\/index.php\/wp-json\/wp\/v2\/product\/489","targetHints":{"allow":["GET"]}}],"collection":[{"href":"https:\/\/www.metal-styl.com\/index.php\/wp-json\/wp\/v2\/product"}],"about":[{"href":"https:\/\/www.metal-styl.com\/index.php\/wp-json\/wp\/v2\/types\/product"}],"replies":[{"embeddable":true,"href":"https:\/\/www.metal-styl.com\/index.php\/wp-json\/wp\/v2\/comments?post=489"}],"version-history":[{"count":2,"href":"https:\/\/www.metal-styl.com\/index.php\/wp-json\/wp\/v2\/product\/489\/revisions"}],"predecessor-version":[{"id":2958,"href":"https:\/\/www.metal-styl.com\/index.php\/wp-json\/wp\/v2\/product\/489\/revisions\/2958"}],"wp:featuredmedia":[{"embeddable":true,"href":"https:\/\/www.metal-styl.com\/index.php\/wp-json\/wp\/v2\/media\/1135"}],"wp:attachment":[{"href":"https:\/\/www.metal-styl.com\/index.php\/wp-json\/wp\/v2\/media?parent=489"}],"wp:term":[{"taxonomy":"product_cat","embeddable":true,"href":"https:\/\/www.metal-styl.com\/index.php\/wp-json\/wp\/v2\/product_cat?post=489"},{"taxonomy":"product_tag","embeddable":true,"href":"https:\/\/www.metal-styl.com\/index.php\/wp-json\/wp\/v2\/product_tag?post=489"},{"taxonomy":"yst_prominent_words","embeddable":true,"href":"https:\/\/www.metal-styl.com\/index.php\/wp-json\/wp\/v2\/yst_prominent_words?post=489"}],"curies":[{"name":"wp","href":"https:\/\/api.w.org\/{rel}","templated":true}]}}