{"id":492,"date":"2019-12-03T12:46:15","date_gmt":"2019-12-03T12:46:15","guid":{"rendered":"http:\/\/metalsty.cluster014.ovh.net\/pixel\/?post_type=product&#038;p=492"},"modified":"2020-02-11T10:15:03","modified_gmt":"2020-02-11T10:15:03","slug":"stol-warsztatowy-z-szafka-oraz-kontenerkiem-o-szer-2000mm-sw-us200","status":"publish","type":"product","link":"https:\/\/www.metal-styl.com\/index.php\/produkt\/stol-warsztatowy-z-szafka-oraz-kontenerkiem-o-szer-2000mm-sw-us200\/","title":{"rendered":"St\u00f3\u0142 warsztatowy z szafk\u0105 oraz kontenerkiem o szer.2000mm SW-US200"},"content":{"rendered":"<div id=\"idTab1\" class=\"rte\">\n<p><span style=\"color: #800000;\"><strong>St\u00f3\u0142 Warsztatowy z szafk\u0105 oraz kontenerkiem szufladowym o szer. 2000mm SW-US200<\/strong><\/span><\/p>\n<p><span style=\"color: #000000;\"><strong>Wymiary: wys\/szer\/g\u0142 850x2000x700mm<\/strong><\/span><\/p>\n<p>Symbol: SW-US200<\/p>\n<p>Opis:\u00a0St\u00f3\u0142 warsztatowy<\/p>\n<p>Blat sto\u0142u wykonany z p\u0142yty wi\u00f3rowej o grubo\u015bci 32mm, klejonej na gor\u0105co, kt\u00f3r\u0105 pokrywa sklejka bukowa o grubo\u015bci 4mm. Brzegi blatu zabezpieczone s\u0105 k\u0105townikiem.<\/p>\n<p>Szafka szufladowa wyposa\u017cona jest w cztery szuflady jednakowej wielko\u015bci. Szuflady zamykane s\u0105 zamkiem centralnym. Szafka uchylna posiada jedn\u0105 przestawn\u0105 p\u00f3\u0142k\u0119, a drzwiczki otwieraj\u0105 si\u0119 w praw\u0105 stron\u0119. Zamykana jest w jednym punkcie cylindrycznym zamkiem patentowym ( w komplecie 2 kluczyki do ka\u017cdego z zamk\u00f3w )<\/p>\n<p>St\u00f3\u0142 malowany trwa\u0142ymi farbami proszkowymi w kolorze wg. Palety Ral<\/p>\n<p>Oferta cenowa dotyczy koloru: Ral 7035 popielato-platynowy<\/p>\n<p>Istnieje mo\u017cliwo\u015b\u0107 malowania sto\u0142u w innym kolorze lub w dw\u00f3ch kolorach.<\/p>\n<p>Do sto\u0142u mo\u017cna skompletowa\u0107 tablic\u0119 narz\u0119dziow\u0105 oraz odpowiednie zawiesia na klucze.<\/p>\n<p>Za dodatkow\u0105 op\u0142at\u0105 istnieje mo\u017cliwo\u015b\u0107 wy\u0142o\u017cenia blatu gum\u0105 olejoodporn\u0105 4 mm lub blach\u0105 ocynkowan\u0105, blat sto\u0142u mo\u017ce by\u0107 ze sklejki bukowej 36 mm.<\/p>\n<p>Za dodatkow\u0105 op\u0142at\u0105 st\u00f3\u0142 mo\u017ce by\u0107 wyposa\u017cony w modu\u0142 o\u015bwietleniowy, oraz mo\u017ce posiada\u0107 wzmocnienie pod imad\u0142o.<\/p>\n<p>Mo\u017cliwo\u015b\u0107 wykonania sto\u0142u w innych rozmiarach w innych kolorach z inn\u0105 liczba szafek i szuflad oraz wg indywidualnych potrzeb klienta. W celu wyceny prosimy o przes\u0142anie do nas maila na adres biuro@metal-styl.com z zapytaniem ofertowym oraz przedstawieniem Pa\u0144stwa potrzeb i oczekiwa\u0144 wobec produktu.<\/p>\n<\/div>\n","protected":false},"excerpt":{"rendered":"<p><strong>Wymiary: wys\/szer\/g\u0142 850x2000x700mm<\/strong><\/p>\n","protected":false},"featured_media":1136,"comment_status":"open","ping_status":"closed","template":"","meta":[],"product_cat":[39,41],"product_tag":[286,285,322,321,283,284,295],"yst_prominent_words":[581,568,587,570,585,449,444,493,409,450,394,572,567,571,576,407,390,574,393,593],"class_list":{"0":"post-492","1":"product","2":"type-product","3":"status-publish","4":"has-post-thumbnail","6":"product_cat-meble-warsztatowe","7":"product_cat-stoly-warsztatowe","8":"product_tag-stol-do-warsztatu","9":"product_tag-stol-narzedziowy","10":"product_tag-stol-sw-2000-us","11":"product_tag-stol-sw-us200","12":"product_tag-stol-warsztatowy","13":"product_tag-stol-warsztatowy-bez-szafek","14":"product_tag-stol-warsztatowy-z-szafka-i-kontenerkiem","15":"entry","17":"first","18":"instock","19":"shipping-taxable","20":"product-type-simple"},"_links":{"self":[{"href":"https:\/\/www.metal-styl.com\/index.php\/wp-json\/wp\/v2\/product\/492","targetHints":{"allow":["GET"]}}],"collection":[{"href":"https:\/\/www.metal-styl.com\/index.php\/wp-json\/wp\/v2\/product"}],"about":[{"href":"https:\/\/www.metal-styl.com\/index.php\/wp-json\/wp\/v2\/types\/product"}],"replies":[{"embeddable":true,"href":"https:\/\/www.metal-styl.com\/index.php\/wp-json\/wp\/v2\/comments?post=492"}],"version-history":[{"count":2,"href":"https:\/\/www.metal-styl.com\/index.php\/wp-json\/wp\/v2\/product\/492\/revisions"}],"predecessor-version":[{"id":2957,"href":"https:\/\/www.metal-styl.com\/index.php\/wp-json\/wp\/v2\/product\/492\/revisions\/2957"}],"wp:featuredmedia":[{"embeddable":true,"href":"https:\/\/www.metal-styl.com\/index.php\/wp-json\/wp\/v2\/media\/1136"}],"wp:attachment":[{"href":"https:\/\/www.metal-styl.com\/index.php\/wp-json\/wp\/v2\/media?parent=492"}],"wp:term":[{"taxonomy":"product_cat","embeddable":true,"href":"https:\/\/www.metal-styl.com\/index.php\/wp-json\/wp\/v2\/product_cat?post=492"},{"taxonomy":"product_tag","embeddable":true,"href":"https:\/\/www.metal-styl.com\/index.php\/wp-json\/wp\/v2\/product_tag?post=492"},{"taxonomy":"yst_prominent_words","embeddable":true,"href":"https:\/\/www.metal-styl.com\/index.php\/wp-json\/wp\/v2\/yst_prominent_words?post=492"}],"curies":[{"name":"wp","href":"https:\/\/api.w.org\/{rel}","templated":true}]}}