{"id":512,"date":"2019-12-03T16:09:47","date_gmt":"2019-12-03T16:09:47","guid":{"rendered":"http:\/\/metalsty.cluster014.ovh.net\/pixel\/?post_type=product&#038;p=512"},"modified":"2020-01-05T11:03:35","modified_gmt":"2020-01-05T11:03:35","slug":"wozek-narzedziowy-mobilny-z-blatem-roboczym-4-szufladami-schowkiem-tablica-na-narzedzia-na-kolkach-ww1","status":"publish","type":"product","link":"https:\/\/www.metal-styl.com\/index.php\/produkt\/wozek-narzedziowy-mobilny-z-blatem-roboczym-4-szufladami-schowkiem-tablica-na-narzedzia-na-kolkach-ww1\/","title":{"rendered":"W\u00f3zek narz\u0119dziowy mobilny z blatem roboczym, 4 szufladami, schowkiem, tablic\u0105 na narz\u0119dzia, na k\u00f3\u0142kach WW1"},"content":{"rendered":"<div id=\"idTab1\" class=\"rte\">\n<p><span style=\"color: #800000;\"><strong>W\u00f3zek narz\u0119dziowy mobilny z blatem roboczym, 4 szufladami, schowkiem, tablic\u0105 na narz\u0119dzia, na k\u00f3\u0142kach WW1<\/strong><\/span><\/p>\n<p><span style=\"color: #000000;\"><strong>Wymiary: wys\/szer\/g\u0142 900x650x450mm<\/strong><\/span><\/p>\n<p>Symbol: WW1<\/p>\n<p>Opis: W\u00f3zek narz\u0119dziowy jezdny na k\u00f3\u0142kach- czteroszufladowy<\/p>\n<p><strong>W\u00f3zek wyposa\u017cony jest w:<\/strong><\/p>\n<ul>\n<li><strong>\u00a0blat roboczy<br \/>\n<\/strong><\/li>\n<li><strong>\u00a04 podr\u0119czne szuflady z przegrodami na narz\u0119dzia<\/strong><\/li>\n<li><strong>\u00a0obszerny schowek z drzwiami uchylanymi do g\u00f3ry na elektronarz\u0119dzia<\/strong><\/li>\n<li><strong>\u00a0centralnie zamykany cylindryczny patentowy zamek ( w komplecie 2 kluczyki )<\/strong><\/li>\n<li><strong>\u00a0w bocznej \u015bcianie w\u00f3zka tablica perforowana umo\u017cliwiaj\u0105ca zawieszenie narz\u0119dzi na zawiesiach<\/strong><\/li>\n<li><strong>\u00a0w bocznej \u015bcianie uchwyt u\u0142atwiaj\u0105cy manewrowanie w\u00f3zka<br \/>\n<\/strong><\/li>\n<li><strong>\u00a04 ko\u0142a: 2 stale, 1 skr\u0119tne i 1 skr\u0119tne z hamulcem<br \/>\n<\/strong><\/li>\n<li><strong>W\u00f3zki wykonane s\u0105 z blachy o grubo\u015bci 0,6 &#8211; 1,00mm<\/strong><\/li>\n<\/ul>\n<p>Malowany trwa\u0142ymi farbami proszkowymi w kolorze wg. Palety RAL<\/p>\n<p>Oferta dotyczy Koloru: Ral 7035 popielato-platynowy<\/p>\n<p>Istnieje mo\u017cliwo\u015b\u0107 malowania w\u00f3zka w innym kolorze za dodatkow\u0105 dop\u0142at\u0105.<\/p>\n<p>Mo\u017cliwo\u015b\u0107 wykonania w\u00f3zka w innych wymiarach, kolorach oraz wg indywidualnych potrzeb klienta. W celu wyceny prosimy o przes\u0142anie do nas maila na adres biuro@metal-styl.com z zapytaniem ofertowym oraz przedstawieniem Pa\u0144stwa potrzeb i oczekiwa\u0144 wobec produktu.<\/p>\n<\/div>\n","protected":false},"excerpt":{"rendered":"<p><span style=\"color: #800000;\"><strong>W\u00f3zek narz\u0119dziowy mobilny z blatem roboczym, 4 szufladami, schowkiem, tablic\u0105 na narz\u0119dzia, na k\u00f3\u0142kach WW1<\/strong><\/span><\/p>\n<p><strong>Wymiary: wys\/szer\/g\u0142 900x650x450mm<\/strong><\/p>\n","protected":false},"featured_media":1149,"comment_status":"open","ping_status":"closed","template":"","meta":[],"product_cat":[39,42],"product_tag":[342,341,340,339,344,343,345],"yst_prominent_words":[633,639,629,636,409,450,635,634,395,394,641,643,393,626,627,632,637],"class_list":{"0":"post-512","1":"product","2":"type-product","3":"status-publish","4":"has-post-thumbnail","6":"product_cat-meble-warsztatowe","7":"product_cat-wozki-warsztatowe","8":"product_tag-wozek-do-warsztatu","9":"product_tag-wozek-na-narzedzia","10":"product_tag-wozek-narzedziowy","11":"product_tag-wozek-warsztatowy","12":"product_tag-wozek-ww-1","13":"product_tag-wozek-ww1","14":"product_tag-wozek-z-tablica-narzedziowa","15":"entry","17":"first","18":"instock","19":"shipping-taxable","20":"product-type-simple"},"_links":{"self":[{"href":"https:\/\/www.metal-styl.com\/index.php\/wp-json\/wp\/v2\/product\/512","targetHints":{"allow":["GET"]}}],"collection":[{"href":"https:\/\/www.metal-styl.com\/index.php\/wp-json\/wp\/v2\/product"}],"about":[{"href":"https:\/\/www.metal-styl.com\/index.php\/wp-json\/wp\/v2\/types\/product"}],"replies":[{"embeddable":true,"href":"https:\/\/www.metal-styl.com\/index.php\/wp-json\/wp\/v2\/comments?post=512"}],"version-history":[{"count":1,"href":"https:\/\/www.metal-styl.com\/index.php\/wp-json\/wp\/v2\/product\/512\/revisions"}],"predecessor-version":[{"id":1150,"href":"https:\/\/www.metal-styl.com\/index.php\/wp-json\/wp\/v2\/product\/512\/revisions\/1150"}],"wp:featuredmedia":[{"embeddable":true,"href":"https:\/\/www.metal-styl.com\/index.php\/wp-json\/wp\/v2\/media\/1149"}],"wp:attachment":[{"href":"https:\/\/www.metal-styl.com\/index.php\/wp-json\/wp\/v2\/media?parent=512"}],"wp:term":[{"taxonomy":"product_cat","embeddable":true,"href":"https:\/\/www.metal-styl.com\/index.php\/wp-json\/wp\/v2\/product_cat?post=512"},{"taxonomy":"product_tag","embeddable":true,"href":"https:\/\/www.metal-styl.com\/index.php\/wp-json\/wp\/v2\/product_tag?post=512"},{"taxonomy":"yst_prominent_words","embeddable":true,"href":"https:\/\/www.metal-styl.com\/index.php\/wp-json\/wp\/v2\/yst_prominent_words?post=512"}],"curies":[{"name":"wp","href":"https:\/\/api.w.org\/{rel}","templated":true}]}}