{"id":523,"date":"2019-12-03T16:16:27","date_gmt":"2019-12-03T16:16:27","guid":{"rendered":"http:\/\/metalsty.cluster014.ovh.net\/pixel\/?post_type=product&#038;p=523"},"modified":"2020-01-05T11:04:20","modified_gmt":"2020-01-05T11:04:20","slug":"wozek-warsztatowy-narzedziowy-6-cio-szufladowy-ww3","status":"publish","type":"product","link":"https:\/\/www.metal-styl.com\/index.php\/produkt\/wozek-warsztatowy-narzedziowy-6-cio-szufladowy-ww3\/","title":{"rendered":"W\u00f3zek warsztatowy, narz\u0119dziowy 6-cio szufladowy WW3"},"content":{"rendered":"<div id=\"idTab1\" class=\"rte\">\n<div id=\"idTab1\" class=\"rte\">\n<p><strong><span style=\"color: #800000;\">Uniwersalny w\u00f3zek narz\u0119dziowy 6-cio szufladowy WW3<\/span><br \/>\n<\/strong><\/p>\n<\/div>\n<p><strong>Wymiary:900x710x490mm<\/strong><\/p>\n<p>Symbol: WW3<\/p>\n<div id=\"idTab1\" class=\"rte\">\n<ul>\n<li>\u00a0Wykonanie: blacha 0.8mm<\/li>\n<li>\u00a0Blat wy\u0142o\u017cony gum\u0105<\/li>\n<li>\u00a05 ma\u0142ych szuflad oraz 1 du\u017ca, ca\u0142o\u015b\u0107 zamykana centralnym zamkiem<\/li>\n<li>\u00a0w\u00f3zek posiada 2 ko\u0142a sta\u0142e oraz 2 skr\u0119tne ( w tym jedno z hamulcem)<\/li>\n<li>\u00a0na bocznej \u015bcianie w\u00f3zka znajduje si\u0119 uchwyt oraz perforacja umo\u017cliwiaj\u0105ca zawieszenie narz\u0119dzi<\/li>\n<\/ul>\n<p>W\u00f3zek malowany trwa\u0142ymi farbami proszkowymi w kolorze wg. Palety RAL<\/p>\n<p>Oferta dotyczy Koloru: Ral 5010 popielato-platynowy<\/p>\n<p>Istnieje mo\u017cliwo\u015b\u0107 malowania w innym kolorze lub w dw\u00f3ch kolorach.<\/p>\n<p>Mo\u017cliwo\u015b\u0107 wykonania w\u00f3zka w innych wymiarach, kolorach oraz wg indywidualnych potrzeb klienta. W celu wyceny prosimy o przes\u0142anie do nas maila na adres biuro@metal-styl.com z zapytaniem ofertowym oraz przedstawieniem Pa\u0144stwa potrzeb i oczekiwa\u0144 wobec produktu.<\/p>\n<\/div>\n<\/div>\n","protected":false},"excerpt":{"rendered":"<div id=\"idTab1\" class=\"rte\">\n<p><strong><span style=\"color: #800000;\">Uniwersalny w\u00f3zek narz\u0119dziowy 6-cio szufladowy WW3<\/span><br \/>\n<\/strong><\/p>\n<\/div>\n<p><strong>Wymiary:900x710x490mm<\/strong><\/p>\n","protected":false},"featured_media":1153,"comment_status":"open","ping_status":"closed","template":"","meta":[],"product_cat":[39,42],"product_tag":[341,340,339,347,348,344,343],"yst_prominent_words":[493,409,450,395,394,393,626,632,631],"class_list":{"0":"post-523","1":"product","2":"type-product","3":"status-publish","4":"has-post-thumbnail","6":"product_cat-meble-warsztatowe","7":"product_cat-wozki-warsztatowe","8":"product_tag-wozek-na-narzedzia","9":"product_tag-wozek-narzedziowy","10":"product_tag-wozek-warsztatowy","11":"product_tag-wozek-warsztatowy-na-kolkach","12":"product_tag-wozek-warsztatowy-narzedziowy","13":"product_tag-wozek-ww-1","14":"product_tag-wozek-ww1","15":"entry","17":"first","18":"instock","19":"shipping-taxable","20":"product-type-simple"},"_links":{"self":[{"href":"https:\/\/www.metal-styl.com\/index.php\/wp-json\/wp\/v2\/product\/523","targetHints":{"allow":["GET"]}}],"collection":[{"href":"https:\/\/www.metal-styl.com\/index.php\/wp-json\/wp\/v2\/product"}],"about":[{"href":"https:\/\/www.metal-styl.com\/index.php\/wp-json\/wp\/v2\/types\/product"}],"replies":[{"embeddable":true,"href":"https:\/\/www.metal-styl.com\/index.php\/wp-json\/wp\/v2\/comments?post=523"}],"version-history":[{"count":1,"href":"https:\/\/www.metal-styl.com\/index.php\/wp-json\/wp\/v2\/product\/523\/revisions"}],"predecessor-version":[{"id":1154,"href":"https:\/\/www.metal-styl.com\/index.php\/wp-json\/wp\/v2\/product\/523\/revisions\/1154"}],"wp:featuredmedia":[{"embeddable":true,"href":"https:\/\/www.metal-styl.com\/index.php\/wp-json\/wp\/v2\/media\/1153"}],"wp:attachment":[{"href":"https:\/\/www.metal-styl.com\/index.php\/wp-json\/wp\/v2\/media?parent=523"}],"wp:term":[{"taxonomy":"product_cat","embeddable":true,"href":"https:\/\/www.metal-styl.com\/index.php\/wp-json\/wp\/v2\/product_cat?post=523"},{"taxonomy":"product_tag","embeddable":true,"href":"https:\/\/www.metal-styl.com\/index.php\/wp-json\/wp\/v2\/product_tag?post=523"},{"taxonomy":"yst_prominent_words","embeddable":true,"href":"https:\/\/www.metal-styl.com\/index.php\/wp-json\/wp\/v2\/yst_prominent_words?post=523"}],"curies":[{"name":"wp","href":"https:\/\/api.w.org\/{rel}","templated":true}]}}