{"id":537,"date":"2019-12-03T16:36:04","date_gmt":"2019-12-03T16:36:04","guid":{"rendered":"http:\/\/metalsty.cluster014.ovh.net\/pixel\/?post_type=product&#038;p=537"},"modified":"2020-01-05T11:05:08","modified_gmt":"2020-01-05T11:05:08","slug":"wozek-narzedziowy-mobilny-z-7-szufladami-tablica-na-narzedzia-na-kolkach-ww4","status":"publish","type":"product","link":"https:\/\/www.metal-styl.com\/index.php\/produkt\/wozek-narzedziowy-mobilny-z-7-szufladami-tablica-na-narzedzia-na-kolkach-ww4\/","title":{"rendered":"W\u00f3zek narz\u0119dziowy mobilny z 7 szufladami, tablic\u0105 na narz\u0119dzia, na k\u00f3\u0142kach WW4"},"content":{"rendered":"<div id=\"idTab1\" class=\"rte\">\n<p><span style=\"color: #800000;\"><strong>W\u00f3zek narz\u0119dziowy mobilny z 7 szufladami, tablic\u0105 na narz\u0119dzia, na k\u00f3\u0142kach WW4<\/strong><\/span><\/p>\n<p><span style=\"color: #000000;\"><strong>Wymiary: wys\/szer\/g\u0142 950x650x450mm<\/strong><\/span><\/p>\n<p>Symbol: WW4<\/p>\n<p>Opis: W\u00f3zek narz\u0119dziowy jezdny na k\u00f3\u0142kach- siedmioszufladowy<\/p>\n<p><strong>W\u00f3zek wyposa\u017cony jest w:<\/strong><\/p>\n<ul>\n<li>6 ma\u0142ych szuflad oraz 1 du\u017c\u0105, ca\u0142o\u015b\u0107 zamykana centralnie zamkiem ( w komplecie 2 kluczyki)<\/li>\n<li>\u00a02 ko\u0142a sta\u0142e oraz 2 skr\u0119tne ( w tym jedno z hamulcem)<\/li>\n<li>\u00a0na bocznej \u015bcianie w\u00f3zka znajduje si\u0119 uchwyt oraz perforacja umo\u017cliwiaj\u0105ca zawieszenie narz\u0119dzi<\/li>\n<\/ul>\n<p>&nbsp;<\/p>\n<p>Wykonanie : blacha o grubo\u015bci 0,8mm<\/p>\n<p>W\u00f3zek malowany trwa\u0142ymi farbami proszkowymi w kolorze wg. Palety RAL<\/p>\n<p>Oferta dotyczy Koloru: Ral 5010 popielato-platynowy<\/p>\n<p>Istnieje mo\u017cliwo\u015b\u0107 malowania w innym kolorze lub w dw\u00f3ch kolorach.<\/p>\n<p>Mo\u017cliwo\u015b\u0107 wykonania w\u00f3zka w innych wymiarach, kolorach oraz wg indywidualnych potrzeb klienta. W celu wyceny prosimy o przes\u0142anie do nas maila na adres biuro@metal-styl.com z zapytaniem ofertowym oraz przedstawieniem Pa\u0144stwa potrzeb i oczekiwa\u0144 wobec produktu.<\/p>\n<\/div>\n","protected":false},"excerpt":{"rendered":"<p><span style=\"color: #800000;\"><strong>W\u00f3zek narz\u0119dziowy mobilny z 7 szufladami, tablic\u0105 na narz\u0119dzia, na k\u00f3\u0142kach WW4<\/strong><\/span><\/p>\n<p><strong>Wymiary: wys\/szer\/g\u0142 950x650x450mm<\/strong><\/p>\n","protected":false},"featured_media":1157,"comment_status":"open","ping_status":"closed","template":"","meta":[],"product_cat":[39,42],"product_tag":[351,342,341,340,339,347,348,352],"yst_prominent_words":[636,493,409,450,634,395,394,393,626,627,632,660],"class_list":{"0":"post-537","1":"product","2":"type-product","3":"status-publish","4":"has-post-thumbnail","6":"product_cat-meble-warsztatowe","7":"product_cat-wozki-warsztatowe","8":"product_tag-woezk-ww4","9":"product_tag-wozek-do-warsztatu","10":"product_tag-wozek-na-narzedzia","11":"product_tag-wozek-narzedziowy","12":"product_tag-wozek-warsztatowy","13":"product_tag-wozek-warsztatowy-na-kolkach","14":"product_tag-wozek-warsztatowy-narzedziowy","15":"product_tag-wozek-ww-4","16":"entry","18":"first","19":"instock","20":"shipping-taxable","21":"product-type-simple"},"_links":{"self":[{"href":"https:\/\/www.metal-styl.com\/index.php\/wp-json\/wp\/v2\/product\/537","targetHints":{"allow":["GET"]}}],"collection":[{"href":"https:\/\/www.metal-styl.com\/index.php\/wp-json\/wp\/v2\/product"}],"about":[{"href":"https:\/\/www.metal-styl.com\/index.php\/wp-json\/wp\/v2\/types\/product"}],"replies":[{"embeddable":true,"href":"https:\/\/www.metal-styl.com\/index.php\/wp-json\/wp\/v2\/comments?post=537"}],"version-history":[{"count":1,"href":"https:\/\/www.metal-styl.com\/index.php\/wp-json\/wp\/v2\/product\/537\/revisions"}],"predecessor-version":[{"id":1158,"href":"https:\/\/www.metal-styl.com\/index.php\/wp-json\/wp\/v2\/product\/537\/revisions\/1158"}],"wp:featuredmedia":[{"embeddable":true,"href":"https:\/\/www.metal-styl.com\/index.php\/wp-json\/wp\/v2\/media\/1157"}],"wp:attachment":[{"href":"https:\/\/www.metal-styl.com\/index.php\/wp-json\/wp\/v2\/media?parent=537"}],"wp:term":[{"taxonomy":"product_cat","embeddable":true,"href":"https:\/\/www.metal-styl.com\/index.php\/wp-json\/wp\/v2\/product_cat?post=537"},{"taxonomy":"product_tag","embeddable":true,"href":"https:\/\/www.metal-styl.com\/index.php\/wp-json\/wp\/v2\/product_tag?post=537"},{"taxonomy":"yst_prominent_words","embeddable":true,"href":"https:\/\/www.metal-styl.com\/index.php\/wp-json\/wp\/v2\/yst_prominent_words?post=537"}],"curies":[{"name":"wp","href":"https:\/\/api.w.org\/{rel}","templated":true}]}}