{"id":543,"date":"2019-12-03T16:39:53","date_gmt":"2019-12-03T16:39:53","guid":{"rendered":"http:\/\/metalsty.cluster014.ovh.net\/pixel\/?post_type=product&#038;p=543"},"modified":"2020-01-05T11:05:32","modified_gmt":"2020-01-05T11:05:32","slug":"wozek-warsztatowy-z-szafka-narzedziowa-i-rozsuwanym-blatem-roboczym-wylozonym-guma-olejoodporna-na-kolkach-ww-rb","status":"publish","type":"product","link":"https:\/\/www.metal-styl.com\/index.php\/produkt\/wozek-warsztatowy-z-szafka-narzedziowa-i-rozsuwanym-blatem-roboczym-wylozonym-guma-olejoodporna-na-kolkach-ww-rb\/","title":{"rendered":"W\u00f3zek warsztatowy z szafk\u0105 narz\u0119dziow\u0105, szufladami i rozsuwanym blatem roboczym wy\u0142o\u017conym gum\u0105 olejoodporn\u0105, na k\u00f3\u0142kach WWRBS"},"content":{"rendered":"<div id=\"idTab1\" class=\"rte\">\n<div id=\"center_column\">\n<div id=\"more_info_block\" class=\"clear\">\n<div id=\"more_info_sheets\" class=\"sheets align_justify\">\n<div id=\"idTab1\" class=\"rte\">\n<p><span style=\"color: #800000;\"><strong>W\u00f3zek warsztatowy z szafk\u0105 narz\u0119dziow\u0105, szufladami i rozsuwanym blatem roboczym wy\u0142o\u017conym gum\u0105 olejoodporn\u0105, na k\u00f3\u0142kach WWRBS<\/strong><\/span><\/p>\n<p><strong>Wymiary: wys\/szer\/g\u0142 920x520x860mm<\/strong><\/p>\n<p>Symbol: WWRBS<\/p>\n<p>Opis: Wszechstronny w\u00f3zek warsztatowy z rozsuwanym blatem roboczym wy\u0142o\u017conym gum\u0105 olejoodporn\u0105<\/p>\n<p>W sk\u0142ad w\u00f3zka wchodz\u0105:<\/p>\n<p>&#8211; szafka wyposa\u017cona w p\u00f3\u0142k\u0119, zamykana zamkiem<\/p>\n<p>&#8211; szafka 3-szufladowa &#8211; ka\u017cda z szuflad wysuwana na prowadnicach \u0142o\u017cyskowych oraz zamykana osobnym zamkiem<\/p>\n<p>&#8211; rozsuwany blat, kt\u00f3ry stanowi\u00a0g\u00f3rn\u0105 cz\u0119\u015b\u0107 w\u00f3zka, \u00a0jest on r\u00f3\u017cnie\u017c oddzielnie zamykany i\u00a0wy\u0142o\u017cony gum\u0105 olejoodporn\u0105<\/p>\n<p>&#8211; schowek &#8211; pod blatem znajduje si\u0119 dodatkowa przestrze\u0144 na narz\u0119dzia oraz szufladka na \u015bruby, nakr\u0119tki. Dodatkowy zamek gwarantuje bezpiecze\u0144stwo przechowywanych narz\u0119dzi<\/p>\n<p>&#8211; cztery solidne, skr\u0119tne k\u00f3\u0142ka, z kt\u00f3rych dwa posiadaj\u0105 hamulec<\/p>\n<p>&#8211; z boku, wygodny uchwyt pomagaj\u0105cy w \u0142atwy i sprawny spos\u00f3b manewrowa\u0107 w\u00f3zkiem<\/p>\n<p>W komplecie 2 kluczyki do ka\u017cdego z zamk\u00f3w<\/p>\n<p>W\u00f3zek malowany trwa\u0142ymi farbami proszkowymi w kolorze wg. Palety RAL<\/p>\n<p>Oferta dotyczy Koloru: Ral 7035 popielato-platynowy<\/p>\n<p>Istnieje mo\u017cliwo\u015b\u0107 malowania w innym kolorze za dodatkow\u0105 op\u0142at\u0105.<\/p>\n<p>Mo\u017cliwo\u015b\u0107 wykonania w\u00f3zka w innych wymiarach, kolorach oraz wg indywidualnych potrzeb klienta. W celu wyceny prosimy o przes\u0142anie do nas maila na adres biuro@metal-styl.com z zapytaniem ofertowym oraz przedstawieniem Pa\u0144stwa potrzeb i oczekiwa\u0144 wobec produktu.<\/p>\n<\/div>\n<\/div>\n<\/div>\n<\/div>\n<\/div>\n","protected":false},"excerpt":{"rendered":"<p><span style=\"color: #800000;\"><strong>W\u00f3zek warsztatowy z szafk\u0105 narz\u0119dziow\u0105, szufladami i rozsuwanym blatem roboczym wy\u0142o\u017conym gum\u0105 olejoodporn\u0105, na k\u00f3\u0142kach WWRBS<\/strong><\/span><\/p>\n<p><strong>Wymiary: wys\/szer\/g\u0142 920x520x860mm<\/strong><\/p>\n","protected":false},"featured_media":1159,"comment_status":"open","ping_status":"closed","template":"","meta":[],"product_cat":[39,42],"product_tag":[355,342,341,340,339,347,348],"yst_prominent_words":[662,655,648,644,640,656,652,658,657,649,645,653,646,642,638,626,625,632,659,651],"class_list":{"0":"post-543","1":"product","2":"type-product","3":"status-publish","4":"has-post-thumbnail","6":"product_cat-meble-warsztatowe","7":"product_cat-wozki-warsztatowe","8":"product_tag-woezk-wwrbs-wozek-ww-rbs","9":"product_tag-wozek-do-warsztatu","10":"product_tag-wozek-na-narzedzia","11":"product_tag-wozek-narzedziowy","12":"product_tag-wozek-warsztatowy","13":"product_tag-wozek-warsztatowy-na-kolkach","14":"product_tag-wozek-warsztatowy-narzedziowy","15":"entry","17":"first","18":"instock","19":"shipping-taxable","20":"product-type-simple"},"_links":{"self":[{"href":"https:\/\/www.metal-styl.com\/index.php\/wp-json\/wp\/v2\/product\/543","targetHints":{"allow":["GET"]}}],"collection":[{"href":"https:\/\/www.metal-styl.com\/index.php\/wp-json\/wp\/v2\/product"}],"about":[{"href":"https:\/\/www.metal-styl.com\/index.php\/wp-json\/wp\/v2\/types\/product"}],"replies":[{"embeddable":true,"href":"https:\/\/www.metal-styl.com\/index.php\/wp-json\/wp\/v2\/comments?post=543"}],"version-history":[{"count":2,"href":"https:\/\/www.metal-styl.com\/index.php\/wp-json\/wp\/v2\/product\/543\/revisions"}],"predecessor-version":[{"id":1160,"href":"https:\/\/www.metal-styl.com\/index.php\/wp-json\/wp\/v2\/product\/543\/revisions\/1160"}],"wp:featuredmedia":[{"embeddable":true,"href":"https:\/\/www.metal-styl.com\/index.php\/wp-json\/wp\/v2\/media\/1159"}],"wp:attachment":[{"href":"https:\/\/www.metal-styl.com\/index.php\/wp-json\/wp\/v2\/media?parent=543"}],"wp:term":[{"taxonomy":"product_cat","embeddable":true,"href":"https:\/\/www.metal-styl.com\/index.php\/wp-json\/wp\/v2\/product_cat?post=543"},{"taxonomy":"product_tag","embeddable":true,"href":"https:\/\/www.metal-styl.com\/index.php\/wp-json\/wp\/v2\/product_tag?post=543"},{"taxonomy":"yst_prominent_words","embeddable":true,"href":"https:\/\/www.metal-styl.com\/index.php\/wp-json\/wp\/v2\/yst_prominent_words?post=543"}],"curies":[{"name":"wp","href":"https:\/\/api.w.org\/{rel}","templated":true}]}}