{"id":566,"date":"2019-12-03T18:36:44","date_gmt":"2019-12-03T18:36:44","guid":{"rendered":"http:\/\/metalsty.cluster014.ovh.net\/pixel\/?post_type=product&#038;p=566"},"modified":"2020-02-11T07:56:48","modified_gmt":"2020-02-11T07:56:48","slug":"szafa-warsztatowamagazynowa-wiszaca-z-2-polkami-sww-2p-80-z-perforacja-na-drzwiczkach","status":"publish","type":"product","link":"https:\/\/www.metal-styl.com\/index.php\/produkt\/szafa-warsztatowamagazynowa-wiszaca-z-2-polkami-sww-2p-80-z-perforacja-na-drzwiczkach\/","title":{"rendered":"Szafa warsztatowa,magazynowa wisz\u0105ca z 2 p\u00f3\u0142kami SWW-2P-80 z perforacj\u0105 na drzwiczkach"},"content":{"rendered":"<div id=\"idTab1\" class=\"rte\">\n<p><span style=\"color: #800000;\"><strong>Szafa warsztatowa,magazynowa z 2 p\u00f3\u0142kami\u00a0SWW-2P-80 z perforacj\u0105 na drzwiczkach<br \/>\n<\/strong><\/span><\/p>\n<p><strong>Wymiary: wys\/szer\/g\u0142 800x570x300mm<\/strong><\/p>\n<p>Symbol:\u00a0SWW-2P-80<\/p>\n<p>Opis: Szafa 2-drzwiowa, niska wyposa\u017cona w 2 przestawne p\u00f3\u0142ki ( o obci\u0105\u017ceniu 40kg ka\u017cda) z mo\u017cliwo\u015bci\u0105 regulacji ich wysoko\u015bci dzi\u0119ki perforacji w tylnej \u015bcianie.<\/p>\n<p>W celu zapewnienia bezpiecze\u0144stwa, zastosowali\u015bmy w szafach warsztatowych ryglowanie drzwi w trzech miejscach ( g\u00f3ra, bok, d\u00f3\u0142). Zamek posiada w komplecie 2 kluczyki.<\/p>\n<p>Szafa malowana trwa\u0142ymi farbami proszkowymi w kolorze wg. Palety RAL<\/p>\n<p>Oferta cenowa dotyczy koloru: Ral 7035 popielato-platynowy<\/p>\n<p>Istnieje mo\u017cliwo\u015b\u0107 malowania szaf w innym kolorze lub w dw\u00f3ch kolorach np:<\/p>\n<p>Mo\u017cliwo\u015b\u0107 wykonania szafy w innych rozmiarach w innych kolorach oraz wg indywidualnych potrzeb klienta. W celu wyceny prosimy o przes\u0142anie do nas maila na adres biuro@metal-styl.com z zapytaniem ofertowym oraz przedstawieniem Pa\u0144stwa potrzeb i oczekiwa\u0144 wobec produktu.<\/p>\n<\/div>\n","protected":false},"excerpt":{"rendered":"<p><strong>Wymiary: wys\/szer\/g\u0142 800x570x300mm<\/strong><\/p>\n","protected":false},"featured_media":1170,"comment_status":"open","ping_status":"closed","template":"","meta":[],"product_cat":[39,40],"product_tag":[360,359,365,361,358,367,370,369,372,373,374,368,371],"yst_prominent_words":[439,493,409,450,395,394,671,386,393],"class_list":{"0":"post-566","1":"product","2":"type-product","3":"status-publish","4":"has-post-thumbnail","6":"product_cat-meble-warsztatowe","7":"product_cat-szafy-warsztatowe","8":"product_tag-szafa-metalowa","9":"product_tag-szafa-narzedziowa","10":"product_tag-szafa-sns","11":"product_tag-szafa-solidna","12":"product_tag-szafa-warsztatowa","13":"product_tag-szafka-metalowa","14":"product_tag-szafka-na-narzedzia","15":"product_tag-szafka-narzedziowa","16":"product_tag-szafka-narzedziowa-z-perforacja","17":"product_tag-szafka-snw","18":"product_tag-szafka-sww-2p-80","19":"product_tag-szafka-warsztatowa","20":"product_tag-szafka-warsztatowa-wiszaca","21":"entry","23":"first","24":"instock","25":"shipping-taxable","26":"product-type-simple"},"_links":{"self":[{"href":"https:\/\/www.metal-styl.com\/index.php\/wp-json\/wp\/v2\/product\/566","targetHints":{"allow":["GET"]}}],"collection":[{"href":"https:\/\/www.metal-styl.com\/index.php\/wp-json\/wp\/v2\/product"}],"about":[{"href":"https:\/\/www.metal-styl.com\/index.php\/wp-json\/wp\/v2\/types\/product"}],"replies":[{"embeddable":true,"href":"https:\/\/www.metal-styl.com\/index.php\/wp-json\/wp\/v2\/comments?post=566"}],"version-history":[{"count":2,"href":"https:\/\/www.metal-styl.com\/index.php\/wp-json\/wp\/v2\/product\/566\/revisions"}],"predecessor-version":[{"id":2947,"href":"https:\/\/www.metal-styl.com\/index.php\/wp-json\/wp\/v2\/product\/566\/revisions\/2947"}],"wp:featuredmedia":[{"embeddable":true,"href":"https:\/\/www.metal-styl.com\/index.php\/wp-json\/wp\/v2\/media\/1170"}],"wp:attachment":[{"href":"https:\/\/www.metal-styl.com\/index.php\/wp-json\/wp\/v2\/media?parent=566"}],"wp:term":[{"taxonomy":"product_cat","embeddable":true,"href":"https:\/\/www.metal-styl.com\/index.php\/wp-json\/wp\/v2\/product_cat?post=566"},{"taxonomy":"product_tag","embeddable":true,"href":"https:\/\/www.metal-styl.com\/index.php\/wp-json\/wp\/v2\/product_tag?post=566"},{"taxonomy":"yst_prominent_words","embeddable":true,"href":"https:\/\/www.metal-styl.com\/index.php\/wp-json\/wp\/v2\/yst_prominent_words?post=566"}],"curies":[{"name":"wp","href":"https:\/\/api.w.org\/{rel}","templated":true}]}}